{"id":2343,"date":"2026-01-12T19:14:15","date_gmt":"2026-01-12T19:14:15","guid":{"rendered":"https:\/\/equipetoi.ca\/contact-us\/"},"modified":"2026-04-22T19:28:08","modified_gmt":"2026-04-22T19:28:08","slug":"contact-us","status":"publish","type":"page","link":"https:\/\/equipetoi.ca\/en\/contact-us\/","title":{"rendered":"Contact us"},"content":{"rendered":"\t\t<div data-elementor-type=\"wp-page\" data-elementor-id=\"2343\" class=\"elementor elementor-2343 elementor-605\" data-elementor-post-type=\"page\">\n\t\t\t\t<div class=\"elementor-element elementor-element-19decdf e-flex e-con-boxed e-con e-parent\" data-id=\"19decdf\" data-element_type=\"container\" data-e-type=\"container\" data-settings=\"{&quot;background_background&quot;:&quot;classic&quot;}\">\n\t\t\t\t\t<div class=\"e-con-inner\">\n\t\t\t\t<div class=\"elementor-element elementor-element-2ce0ab9 elementor-widget elementor-widget-text-editor\" data-id=\"2ce0ab9\" data-element_type=\"widget\" data-e-type=\"widget\" data-widget_type=\"text-editor.default\">\n\t\t\t\t\t\t\t\t\t<h1>Contact us<\/h1><p>Need help or information? We are just a message away!<\/p>\t\t\t\t\t\t\t\t<\/div>\n\t\t\t\t\t<\/div>\n\t\t\t\t<\/div>\n\t\t<div class=\"elementor-element elementor-element-09a5ce1 e-flex e-con-boxed e-con e-parent\" data-id=\"09a5ce1\" data-element_type=\"container\" data-e-type=\"container\">\n\t\t\t\t\t<div class=\"e-con-inner\">\n\t\t<div class=\"elementor-element elementor-element-6a12fa5 e-con-full e-flex e-con e-child\" data-id=\"6a12fa5\" data-element_type=\"container\" data-e-type=\"container\">\n\t\t\t\t<div class=\"elementor-element elementor-element-5f077f1 elementor-widget elementor-widget-heading\" data-id=\"5f077f1\" data-element_type=\"widget\" data-e-type=\"widget\" data-widget_type=\"heading.default\">\n\t\t\t\t\t<h2 class=\"elementor-heading-title elementor-size-default\">To contact\nus<\/h2>\t\t\t\t<\/div>\n\t\t\t\t<div class=\"elementor-element elementor-element-d3012b8 elementor-mobile-align-start elementor-icon-list--layout-traditional elementor-list-item-link-full_width elementor-widget elementor-widget-icon-list\" data-id=\"d3012b8\" data-element_type=\"widget\" data-e-type=\"widget\" data-widget_type=\"icon-list.default\">\n\t\t\t\t\t\t\t<ul class=\"elementor-icon-list-items\">\n\t\t\t\t\t\t\t<li class=\"elementor-icon-list-item\">\n\t\t\t\t\t\t\t\t\t\t\t<a href=\"https:\/\/maps.app.goo.gl\/Nj1YqXmgapJzub6h6\" target=\"_blank\">\n\n\t\t\t\t\t\t\t\t\t\t\t\t<span class=\"elementor-icon-list-icon\">\n\t\t\t\t\t\t\t<svg xmlns=\"http:\/\/www.w3.org\/2000\/svg\" xmlns:xlink=\"http:\/\/www.w3.org\/1999\/xlink\" id=\"Groupe_1139\" data-name=\"Groupe 1139\" width=\"22.654\" height=\"34\" viewBox=\"0 0 22.654 34\"><defs><clipPath id=\"clip-path\"><rect id=\"Rectangle_5\" data-name=\"Rectangle 5\" width=\"22.654\" height=\"34\" fill=\"#174496\"><\/rect><\/clipPath><\/defs><g id=\"Groupe_1133\" data-name=\"Groupe 1133\" clip-path=\"url(#clip-path)\"><path id=\"Trac&#xE9;_1151\" data-name=\"Trac&#xE9; 1151\" d=\"M11.989,0c.727.126,1.463.214,2.179.387a10.788,10.788,0,0,1,5.15,2.932,11.033,11.033,0,0,1,3.119,5.85,11.159,11.159,0,0,1-1.224,7.7Q16.649,25.136,12.07,33.4a1.648,1.648,0,0,1-.28.406.7.7,0,0,1-1.129-.261c-.717-1.283-1.424-2.571-2.135-3.858q-3.5-6.324-7-12.647A11.346,11.346,0,0,1,0,11.475,11.152,11.152,0,0,1,3.5,3.159,11.011,11.011,0,0,1,8.865.28c.59-.132,1.2-.189,1.8-.28Zm-.671,31.806c.07-.11.107-.163.138-.219,2.861-5.175,5.756-10.332,8.57-15.532a9.493,9.493,0,0,0-.013-9.463A9.736,9.736,0,0,0,9.939,1.536,9.456,9.456,0,0,0,2.6,6.68a9.6,9.6,0,0,0,.13,9.583c2.737,4.991,5.505,9.965,8.26,14.946l.332.6\" transform=\"translate(-0.001)\" fill=\"#174496\"><\/path><path id=\"Trac&#xE9;_1152\" data-name=\"Trac&#xE9; 1152\" d=\"M73.779,68.114a5.666,5.666,0,1,1-5.65,5.667,5.676,5.676,0,0,1,5.65-5.667m.008,1.426a4.247,4.247,0,1,0,4.249,4.233,4.25,4.25,0,0,0-4.249-4.233\" transform=\"translate(-62.463 -62.45)\" fill=\"#174496\"><\/path><\/g><\/svg>\t\t\t\t\t\t<\/span>\n\t\t\t\t\t\t\t\t\t\t<span class=\"elementor-icon-list-text\">1504, boul., Ste-Genevi\u00e8ve Chicoutimi, Qu\u00e9bec G7G 2H1<\/span>\n\t\t\t\t\t\t\t\t\t\t\t<\/a>\n\t\t\t\t\t\t\t\t\t<\/li>\n\t\t\t\t\t\t\t\t<li class=\"elementor-icon-list-item\">\n\t\t\t\t\t\t\t\t\t\t\t<a href=\"https:\/\/www.facebook.com\/equipetoi.ca\" target=\"_blank\">\n\n\t\t\t\t\t\t\t\t\t\t\t\t<span class=\"elementor-icon-list-icon\">\n\t\t\t\t\t\t\t<svg xmlns=\"http:\/\/www.w3.org\/2000\/svg\" width=\"18\" height=\"31.5\" viewBox=\"0 0 18 31.5\"><path id=\"Icon_feather-facebook\" data-name=\"Icon feather-facebook\" d=\"M27,3H22.5A7.5,7.5,0,0,0,15,10.5V15H10.5v6H15V33h6V21h4.5L27,15H21V10.5A1.5,1.5,0,0,1,22.5,9H27Z\" transform=\"translate(-9.75 -2.25)\" fill=\"none\" stroke=\"#174496\" stroke-linecap=\"round\" stroke-linejoin=\"round\" stroke-width=\"1.5\"><\/path><\/svg>\t\t\t\t\t\t<\/span>\n\t\t\t\t\t\t\t\t\t\t<span class=\"elementor-icon-list-text\">\u00c9quipetoi.ca<\/span>\n\t\t\t\t\t\t\t\t\t\t\t<\/a>\n\t\t\t\t\t\t\t\t\t<\/li>\n\t\t\t\t\t\t\t\t<li class=\"elementor-icon-list-item\">\n\t\t\t\t\t\t\t\t\t\t\t<a href=\"https:\/\/www.facebook.com\/equipetoi.ca\" target=\"_blank\">\n\n\t\t\t\t\t\t\t\t\t\t\t\t<span class=\"elementor-icon-list-icon\">\n\t\t\t\t\t\t\t<svg xmlns=\"http:\/\/www.w3.org\/2000\/svg\" width=\"28.234\" height=\"32.28\" viewBox=\"0 0 28.234 32.28\"><path id=\"tiktok\" d=\"M16.41.026C18.089,0,19.756.013,21.423,0a7.986,7.986,0,0,0,2.244,5.347,9.042,9.042,0,0,0,5.436,2.3v5.167a13.724,13.724,0,0,1-5.385-1.244,15.842,15.842,0,0,1-2.077-1.192c-.013,3.744.013,7.488-.026,11.219a9.793,9.793,0,0,1-1.731,5.052,9.553,9.553,0,0,1-7.578,4.116,9.349,9.349,0,0,1-5.231-1.321A9.669,9.669,0,0,1,2.4,22.118c-.026-.641-.038-1.282-.013-1.91a9.653,9.653,0,0,1,11.194-8.565c.026,1.9-.051,3.8-.051,5.693a4.4,4.4,0,0,0-5.616,2.718,5.086,5.086,0,0,0-.18,2.064,4.364,4.364,0,0,0,4.488,3.68,4.308,4.308,0,0,0,3.552-2.064,2.958,2.958,0,0,0,.526-1.359c.128-2.3.077-4.577.09-6.873C16.4,10.334,16.371,5.18,16.41.026Z\" transform=\"translate(-1.619 0.756)\" fill=\"none\" stroke=\"#174496\" stroke-width=\"1.5\"><\/path><\/svg>\t\t\t\t\t\t<\/span>\n\t\t\t\t\t\t\t\t\t\t<span class=\"elementor-icon-list-text\">\u00c9quipetoi.ca<\/span>\n\t\t\t\t\t\t\t\t\t\t\t<\/a>\n\t\t\t\t\t\t\t\t\t<\/li>\n\t\t\t\t\t\t<\/ul>\n\t\t\t\t\t\t<\/div>\n\t\t\t\t<div class=\"elementor-element elementor-element-4ef4c02 elementor-widget elementor-widget-heading\" data-id=\"4ef4c02\" data-element_type=\"widget\" data-e-type=\"widget\" data-widget_type=\"heading.default\">\n\t\t\t\t\t<h3 class=\"elementor-heading-title elementor-size-default\">Sales<\/h3>\t\t\t\t<\/div>\n\t\t\t\t<div class=\"elementor-element elementor-element-52a11d9 elementor-mobile-align-start elementor-icon-list--layout-traditional elementor-list-item-link-full_width elementor-widget elementor-widget-icon-list\" data-id=\"52a11d9\" data-element_type=\"widget\" data-e-type=\"widget\" data-widget_type=\"icon-list.default\">\n\t\t\t\t\t\t\t<ul class=\"elementor-icon-list-items\">\n\t\t\t\t\t\t\t<li class=\"elementor-icon-list-item\">\n\t\t\t\t\t\t\t\t\t\t\t<a href=\"tel:+14187182122\" target=\"_blank\">\n\n\t\t\t\t\t\t\t\t\t\t\t\t<span class=\"elementor-icon-list-icon\">\n\t\t\t\t\t\t\t<svg xmlns=\"http:\/\/www.w3.org\/2000\/svg\" width=\"28.5\" height=\"28.5\" viewBox=\"0 0 28.5 28.5\"><path id=\"Icon_material-local-phone\" data-name=\"Icon material-local-phone\" d=\"M6,3.75h5.25A2.253,2.253,0,0,1,13.5,6a16.291,16.291,0,0,0,.817,5.12l0,.01a2.262,2.262,0,0,1-.56,2.285l-2.91,2.91a21.76,21.76,0,0,0,3.77,5.048,22.047,22.047,0,0,0,5.055,3.775l2.909-2.909a2.262,2.262,0,0,1,1.588-.658,2.2,2.2,0,0,1,.71.117A16.291,16.291,0,0,0,30,22.515a2.253,2.253,0,0,1,2.25,2.25V30A2.253,2.253,0,0,1,30,32.25a26.091,26.091,0,0,1-10.219-2.063A26.227,26.227,0,0,1,3.75,6,2.253,2.253,0,0,1,6,3.75Zm6.891,7.834A17.789,17.789,0,0,1,12,6a.751.751,0,0,0-.75-.75H6A.751.751,0,0,0,5.25,6,24.776,24.776,0,0,0,20.366,28.806,24.6,24.6,0,0,0,30,30.75a.751.751,0,0,0,.75-.75V24.765a.751.751,0,0,0-.75-.75,17.789,17.789,0,0,1-5.59-.893l-.008,0a.7.7,0,0,0-.229-.038.751.751,0,0,0-.528.219l-3.686,3.686-.486-.249a23.549,23.549,0,0,1-5.912-4.3,23.239,23.239,0,0,1-4.3-5.909l-.247-.485L12.7,12.355A.757.757,0,0,0,12.891,11.584Z\" transform=\"translate(-3.75 -3.75)\" fill=\"#174496\"><\/path><\/svg>\t\t\t\t\t\t<\/span>\n\t\t\t\t\t\t\t\t\t\t<span class=\"elementor-icon-list-text\">418-718-2122 (Ext. 4)<\/span>\n\t\t\t\t\t\t\t\t\t\t\t<\/a>\n\t\t\t\t\t\t\t\t\t<\/li>\n\t\t\t\t\t\t\t\t<li class=\"elementor-icon-list-item\">\n\t\t\t\t\t\t\t\t\t\t\t<a href=\"mailto:sabin@equipetoi.ca\" target=\"_blank\">\n\n\t\t\t\t\t\t\t\t\t\t\t\t<span class=\"elementor-icon-list-icon\">\n\t\t\t\t\t\t\t<svg xmlns=\"http:\/\/www.w3.org\/2000\/svg\" width=\"31.5\" height=\"25.5\" viewBox=\"0 0 31.5 25.5\"><path id=\"Icon_material-email\" data-name=\"Icon material-email\" d=\"M30,6H6A3,3,0,0,0,3.015,9L3,27a3.009,3.009,0,0,0,3,3H30a3.009,3.009,0,0,0,3-3V9A3.009,3.009,0,0,0,30,6Zm0,6L18,19.5,6,12V9l12,7.5L30,9Z\" transform=\"translate(-2.25 -5.25)\" fill=\"none\" stroke=\"#174496\" stroke-width=\"1.5\"><\/path><\/svg>\t\t\t\t\t\t<\/span>\n\t\t\t\t\t\t\t\t\t\t<span class=\"elementor-icon-list-text\">sabin@equipetoi.ca<\/span>\n\t\t\t\t\t\t\t\t\t\t\t<\/a>\n\t\t\t\t\t\t\t\t\t<\/li>\n\t\t\t\t\t\t<\/ul>\n\t\t\t\t\t\t<\/div>\n\t\t\t\t<div class=\"elementor-element elementor-element-2e53b15 elementor-widget elementor-widget-heading\" data-id=\"2e53b15\" data-element_type=\"widget\" data-e-type=\"widget\" data-widget_type=\"heading.default\">\n\t\t\t\t\t<h3 class=\"elementor-heading-title elementor-size-default\">Services<\/h3>\t\t\t\t<\/div>\n\t\t\t\t<div class=\"elementor-element elementor-element-be453d2 elementor-mobile-align-start elementor-icon-list--layout-traditional elementor-list-item-link-full_width elementor-widget elementor-widget-icon-list\" data-id=\"be453d2\" data-element_type=\"widget\" data-e-type=\"widget\" data-widget_type=\"icon-list.default\">\n\t\t\t\t\t\t\t<ul class=\"elementor-icon-list-items\">\n\t\t\t\t\t\t\t<li class=\"elementor-icon-list-item\">\n\t\t\t\t\t\t\t\t\t\t\t<a href=\"tel:+14187182122\" target=\"_blank\">\n\n\t\t\t\t\t\t\t\t\t\t\t\t<span class=\"elementor-icon-list-icon\">\n\t\t\t\t\t\t\t<svg xmlns=\"http:\/\/www.w3.org\/2000\/svg\" width=\"28.5\" height=\"28.5\" viewBox=\"0 0 28.5 28.5\"><path id=\"Icon_material-local-phone\" data-name=\"Icon material-local-phone\" d=\"M6,3.75h5.25A2.253,2.253,0,0,1,13.5,6a16.291,16.291,0,0,0,.817,5.12l0,.01a2.262,2.262,0,0,1-.56,2.285l-2.91,2.91a21.76,21.76,0,0,0,3.77,5.048,22.047,22.047,0,0,0,5.055,3.775l2.909-2.909a2.262,2.262,0,0,1,1.588-.658,2.2,2.2,0,0,1,.71.117A16.291,16.291,0,0,0,30,22.515a2.253,2.253,0,0,1,2.25,2.25V30A2.253,2.253,0,0,1,30,32.25a26.091,26.091,0,0,1-10.219-2.063A26.227,26.227,0,0,1,3.75,6,2.253,2.253,0,0,1,6,3.75Zm6.891,7.834A17.789,17.789,0,0,1,12,6a.751.751,0,0,0-.75-.75H6A.751.751,0,0,0,5.25,6,24.776,24.776,0,0,0,20.366,28.806,24.6,24.6,0,0,0,30,30.75a.751.751,0,0,0,.75-.75V24.765a.751.751,0,0,0-.75-.75,17.789,17.789,0,0,1-5.59-.893l-.008,0a.7.7,0,0,0-.229-.038.751.751,0,0,0-.528.219l-3.686,3.686-.486-.249a23.549,23.549,0,0,1-5.912-4.3,23.239,23.239,0,0,1-4.3-5.909l-.247-.485L12.7,12.355A.757.757,0,0,0,12.891,11.584Z\" transform=\"translate(-3.75 -3.75)\" fill=\"#174496\"><\/path><\/svg>\t\t\t\t\t\t<\/span>\n\t\t\t\t\t\t\t\t\t\t<span class=\"elementor-icon-list-text\">418-718-2122 (Ext. 1)<\/span>\n\t\t\t\t\t\t\t\t\t\t\t<\/a>\n\t\t\t\t\t\t\t\t\t<\/li>\n\t\t\t\t\t\t\t\t<li class=\"elementor-icon-list-item\">\n\t\t\t\t\t\t\t\t\t\t\t<a href=\"mailto:service@equipetoi.ca\" target=\"_blank\">\n\n\t\t\t\t\t\t\t\t\t\t\t\t<span class=\"elementor-icon-list-icon\">\n\t\t\t\t\t\t\t<svg xmlns=\"http:\/\/www.w3.org\/2000\/svg\" width=\"31.5\" height=\"25.5\" viewBox=\"0 0 31.5 25.5\"><path id=\"Icon_material-email\" data-name=\"Icon material-email\" d=\"M30,6H6A3,3,0,0,0,3.015,9L3,27a3.009,3.009,0,0,0,3,3H30a3.009,3.009,0,0,0,3-3V9A3.009,3.009,0,0,0,30,6Zm0,6L18,19.5,6,12V9l12,7.5L30,9Z\" transform=\"translate(-2.25 -5.25)\" fill=\"none\" stroke=\"#174496\" stroke-width=\"1.5\"><\/path><\/svg>\t\t\t\t\t\t<\/span>\n\t\t\t\t\t\t\t\t\t\t<span class=\"elementor-icon-list-text\">service@equipetoi.ca<\/span>\n\t\t\t\t\t\t\t\t\t\t\t<\/a>\n\t\t\t\t\t\t\t\t\t<\/li>\n\t\t\t\t\t\t<\/ul>\n\t\t\t\t\t\t<\/div>\n\t\t\t\t<\/div>\n\t\t<div class=\"elementor-element elementor-element-f3eb179 e-con-full e-flex e-con e-child\" data-id=\"f3eb179\" data-element_type=\"container\" data-e-type=\"container\">\n\t\t\t\t<div class=\"elementor-element elementor-element-d1176e7 elementor-button-align-start elementor-widget elementor-widget-form\" data-id=\"d1176e7\" data-element_type=\"widget\" data-e-type=\"widget\" data-settings=\"{&quot;step_next_label&quot;:&quot;Next&quot;,&quot;step_previous_label&quot;:&quot;Previous&quot;,&quot;button_width&quot;:&quot;100&quot;,&quot;step_type&quot;:&quot;number_text&quot;,&quot;step_icon_shape&quot;:&quot;circle&quot;}\" data-widget_type=\"form.default\">\n\t\t\t\t\t\t\t<form class=\"elementor-form\" method=\"post\" name=\"New form\" aria-label=\"New form\">\n\t\t\t<input type=\"hidden\" name=\"post_id\" value=\"2343\"\/>\n\t\t\t<input type=\"hidden\" name=\"form_id\" value=\"d1176e7\"\/>\n\t\t\t<input type=\"hidden\" name=\"referer_title\" value=\"Contact us - \u00c9quipetoi.ca\" \/>\n\n\t\t\t\t\t\t\t<input type=\"hidden\" name=\"queried_id\" value=\"2343\"\/>\n\t\t\t\n\t\t\t<div class=\"elementor-form-fields-wrapper elementor-labels-\">\n\t\t\t\t\t\t\t\t<div class=\"elementor-field-type-text elementor-field-group elementor-column elementor-field-group-name elementor-col-100 elementor-field-required\">\n\t\t\t\t\t\t\t\t\t\t\t\t<label for=\"form-field-name\" class=\"elementor-field-label elementor-screen-only\">\n\t\t\t\t\t\t\t\tFirst name\t\t\t\t\t\t\t<\/label>\n\t\t\t\t\t\t\t\t\t\t\t\t\t\t<input size=\"1\" type=\"text\" name=\"form_fields[name]\" id=\"form-field-name\" class=\"elementor-field elementor-size-sm  elementor-field-textual\" placeholder=\"First name\" required=\"required\">\n\t\t\t\t\t\t\t\t\t\t\t<\/div>\n\t\t\t\t\t\t\t\t<div class=\"elementor-field-type-text elementor-field-group elementor-column elementor-field-group-field_3369761 elementor-col-100 elementor-field-required\">\n\t\t\t\t\t\t\t\t\t\t\t\t<label for=\"form-field-field_3369761\" class=\"elementor-field-label elementor-screen-only\">\n\t\t\t\t\t\t\t\tLast name\t\t\t\t\t\t\t<\/label>\n\t\t\t\t\t\t\t\t\t\t\t\t\t\t<input size=\"1\" type=\"text\" name=\"form_fields[field_3369761]\" id=\"form-field-field_3369761\" class=\"elementor-field elementor-size-sm  elementor-field-textual\" placeholder=\"Last name\" required=\"required\">\n\t\t\t\t\t\t\t\t\t\t\t<\/div>\n\t\t\t\t\t\t\t\t<div class=\"elementor-field-type-email elementor-field-group elementor-column elementor-field-group-email elementor-col-100 elementor-field-required\">\n\t\t\t\t\t\t\t\t\t\t\t\t<label for=\"form-field-email\" class=\"elementor-field-label elementor-screen-only\">\n\t\t\t\t\t\t\t\tEmail address\t\t\t\t\t\t\t<\/label>\n\t\t\t\t\t\t\t\t\t\t\t\t\t\t<input size=\"1\" type=\"email\" name=\"form_fields[email]\" id=\"form-field-email\" class=\"elementor-field elementor-size-sm  elementor-field-textual\" placeholder=\"Email address\" required=\"required\">\n\t\t\t\t\t\t\t\t\t\t\t<\/div>\n\t\t\t\t\t\t\t\t<div class=\"elementor-field-type-tel elementor-field-group elementor-column elementor-field-group-field_2f5654e elementor-col-100 elementor-field-required\">\n\t\t\t\t\t\t\t\t\t\t\t\t<label for=\"form-field-field_2f5654e\" class=\"elementor-field-label elementor-screen-only\">\n\t\t\t\t\t\t\t\tPhone number\t\t\t\t\t\t\t<\/label>\n\t\t\t\t\t\t\t\t<input size=\"1\" type=\"tel\" name=\"form_fields[field_2f5654e]\" id=\"form-field-field_2f5654e\" class=\"elementor-field elementor-size-sm  elementor-field-textual\" placeholder=\"Phone number\" required=\"required\" pattern=\"[0-9()#&amp;+*-=.]+\" title=\"Only numbers and phone characters (#, -, *, etc) are accepted.\">\n\n\t\t\t\t\t\t<\/div>\n\t\t\t\t\t\t\t\t<div class=\"elementor-field-type-textarea elementor-field-group elementor-column elementor-field-group-message elementor-col-100\">\n\t\t\t\t\t\t\t\t\t\t\t\t<label for=\"form-field-message\" class=\"elementor-field-label elementor-screen-only\">\n\t\t\t\t\t\t\t\tYour request\t\t\t\t\t\t\t<\/label>\n\t\t\t\t\t\t<textarea class=\"elementor-field-textual elementor-field  elementor-size-sm\" name=\"form_fields[message]\" id=\"form-field-message\" rows=\"4\" placeholder=\"Your request\"><\/textarea>\t\t\t\t<\/div>\n\t\t\t\t\t\t\t\t<div class=\"elementor-field-group elementor-column elementor-field-type-submit elementor-col-100 e-form__buttons\">\n\t\t\t\t\t<button class=\"elementor-button elementor-size-sm\" type=\"submit\">\n\t\t\t\t\t\t<span class=\"elementor-button-content-wrapper\">\n\t\t\t\t\t\t\t\t\t\t\t\t\t\t\t\t\t\t\t\t\t\t<span class=\"elementor-button-text\">Send<\/span>\n\t\t\t\t\t\t\t\t\t\t\t\t\t<\/span>\n\t\t\t\t\t<\/button>\n\t\t\t\t<\/div>\n\t\t\t<\/div>\n\t\t<\/form>\n\t\t\t\t\t\t<\/div>\n\t\t\t\t<\/div>\n\t\t\t\t\t<\/div>\n\t\t\t\t<\/div>\n\t\t\t\t<\/div>\n\t\t","protected":false},"excerpt":{"rendered":"<p>Contact us Need help or information? We are just a message away! To contact us 1504, boul., Ste-Genevi\u00e8ve Chicoutimi, Qu\u00e9bec G7G 2H1 \u00c9quipetoi.ca \u00c9quipetoi.ca Sales 418-718-2122 (Ext. 4) sabin@equipetoi.ca Services 418-718-2122 (Ext. 1) service@equipetoi.ca<\/p>\n","protected":false},"author":1,"featured_media":0,"parent":0,"menu_order":0,"comment_status":"closed","ping_status":"closed","template":"","meta":{"footnotes":""},"class_list":["post-2343","page","type-page","status-publish","hentry"],"yoast_head":"<!-- This site is optimized with the Yoast SEO plugin v27.4 - https:\/\/yoast.com\/product\/yoast-seo-wordpress\/ -->\n<title>Contact us - \u00c9quipetoi.ca<\/title>\n<meta name=\"robots\" content=\"index, follow, max-snippet:-1, max-image-preview:large, max-video-preview:-1\" \/>\n<link rel=\"canonical\" href=\"https:\/\/equipetoi.ca\/en\/contact-us\/\" \/>\n<meta property=\"og:locale\" content=\"en_US\" \/>\n<meta property=\"og:type\" content=\"article\" \/>\n<meta property=\"og:title\" content=\"Contact us - \u00c9quipetoi.ca\" \/>\n<meta property=\"og:description\" content=\"Contact us Need help or information? We are just a message away! To contact us 1504, boul., Ste-Genevi\u00e8ve Chicoutimi, Qu\u00e9bec G7G 2H1 \u00c9quipetoi.ca \u00c9quipetoi.ca Sales 418-718-2122 (Ext. 4) sabin@equipetoi.ca Services 418-718-2122 (Ext. 1) service@equipetoi.ca\" \/>\n<meta property=\"og:url\" content=\"https:\/\/equipetoi.ca\/en\/contact-us\/\" \/>\n<meta property=\"og:site_name\" content=\"\u00c9quipetoi.ca\" \/>\n<meta property=\"article:modified_time\" content=\"2026-04-22T19:28:08+00:00\" \/>\n<meta property=\"og:image\" content=\"https:\/\/equipetoi.ca\/wp-content\/uploads\/2026\/03\/Groupe-1189.jpg\" \/>\n\t<meta property=\"og:image:width\" content=\"1670\" \/>\n\t<meta property=\"og:image:height\" content=\"830\" \/>\n\t<meta property=\"og:image:type\" content=\"image\/jpeg\" \/>\n<meta name=\"twitter:card\" content=\"summary_large_image\" \/>\n<script type=\"application\/ld+json\" class=\"yoast-schema-graph\">{\"@context\":\"https:\\\/\\\/schema.org\",\"@graph\":[{\"@type\":\"WebPage\",\"@id\":\"https:\\\/\\\/equipetoi.ca\\\/en\\\/contact-us\\\/\",\"url\":\"https:\\\/\\\/equipetoi.ca\\\/en\\\/contact-us\\\/\",\"name\":\"Contact us - \u00c9quipetoi.ca\",\"isPartOf\":{\"@id\":\"https:\\\/\\\/equipetoi.ca\\\/en\\\/#website\"},\"datePublished\":\"2026-01-12T19:14:15+00:00\",\"dateModified\":\"2026-04-22T19:28:08+00:00\",\"breadcrumb\":{\"@id\":\"https:\\\/\\\/equipetoi.ca\\\/en\\\/contact-us\\\/#breadcrumb\"},\"inLanguage\":\"en-US\",\"potentialAction\":[{\"@type\":\"ReadAction\",\"target\":[\"https:\\\/\\\/equipetoi.ca\\\/en\\\/contact-us\\\/\"]}]},{\"@type\":\"BreadcrumbList\",\"@id\":\"https:\\\/\\\/equipetoi.ca\\\/en\\\/contact-us\\\/#breadcrumb\",\"itemListElement\":[{\"@type\":\"ListItem\",\"position\":1,\"name\":\"Accueil\",\"item\":\"https:\\\/\\\/equipetoi.ca\\\/en\\\/home\\\/\"},{\"@type\":\"ListItem\",\"position\":2,\"name\":\"Contact us\"}]},{\"@type\":\"WebSite\",\"@id\":\"https:\\\/\\\/equipetoi.ca\\\/en\\\/#website\",\"url\":\"https:\\\/\\\/equipetoi.ca\\\/en\\\/\",\"name\":\"\u00c9quipetoi.ca\",\"description\":\"VOTRE SP\u00c9CIALISTE EN \u00c9QUIPEMENTS FORESTIERS, INDUSTRIELS ET AGRICOLES\",\"publisher\":{\"@id\":\"https:\\\/\\\/equipetoi.ca\\\/en\\\/#organization\"},\"potentialAction\":[{\"@type\":\"SearchAction\",\"target\":{\"@type\":\"EntryPoint\",\"urlTemplate\":\"https:\\\/\\\/equipetoi.ca\\\/en\\\/?s={search_term_string}\"},\"query-input\":{\"@type\":\"PropertyValueSpecification\",\"valueRequired\":true,\"valueName\":\"search_term_string\"}}],\"inLanguage\":\"en-US\"},{\"@type\":\"Organization\",\"@id\":\"https:\\\/\\\/equipetoi.ca\\\/en\\\/#organization\",\"name\":\"\u00c9quipetoi.ca\",\"url\":\"https:\\\/\\\/equipetoi.ca\\\/en\\\/\",\"logo\":{\"@type\":\"ImageObject\",\"inLanguage\":\"en-US\",\"@id\":\"https:\\\/\\\/equipetoi.ca\\\/en\\\/#\\\/schema\\\/logo\\\/image\\\/\",\"url\":\"https:\\\/\\\/equipetoi.ca\\\/wp-content\\\/uploads\\\/2025\\\/12\\\/favicon-equipetoi.png\",\"contentUrl\":\"https:\\\/\\\/equipetoi.ca\\\/wp-content\\\/uploads\\\/2025\\\/12\\\/favicon-equipetoi.png\",\"width\":837,\"height\":837,\"caption\":\"\u00c9quipetoi.ca\"},\"image\":{\"@id\":\"https:\\\/\\\/equipetoi.ca\\\/en\\\/#\\\/schema\\\/logo\\\/image\\\/\"}}]}<\/script>\n<!-- \/ Yoast SEO plugin. -->","yoast_head_json":{"title":"Contact us - \u00c9quipetoi.ca","robots":{"index":"index","follow":"follow","max-snippet":"max-snippet:-1","max-image-preview":"max-image-preview:large","max-video-preview":"max-video-preview:-1"},"canonical":"https:\/\/equipetoi.ca\/en\/contact-us\/","og_locale":"en_US","og_type":"article","og_title":"Contact us - \u00c9quipetoi.ca","og_description":"Contact us Need help or information? We are just a message away! To contact us 1504, boul., Ste-Genevi\u00e8ve Chicoutimi, Qu\u00e9bec G7G 2H1 \u00c9quipetoi.ca \u00c9quipetoi.ca Sales 418-718-2122 (Ext. 4) sabin@equipetoi.ca Services 418-718-2122 (Ext. 1) service@equipetoi.ca","og_url":"https:\/\/equipetoi.ca\/en\/contact-us\/","og_site_name":"\u00c9quipetoi.ca","article_modified_time":"2026-04-22T19:28:08+00:00","og_image":[{"width":1670,"height":830,"url":"https:\/\/equipetoi.ca\/wp-content\/uploads\/2026\/03\/Groupe-1189.jpg","type":"image\/jpeg"}],"twitter_card":"summary_large_image","schema":{"@context":"https:\/\/schema.org","@graph":[{"@type":"WebPage","@id":"https:\/\/equipetoi.ca\/en\/contact-us\/","url":"https:\/\/equipetoi.ca\/en\/contact-us\/","name":"Contact us - \u00c9quipetoi.ca","isPartOf":{"@id":"https:\/\/equipetoi.ca\/en\/#website"},"datePublished":"2026-01-12T19:14:15+00:00","dateModified":"2026-04-22T19:28:08+00:00","breadcrumb":{"@id":"https:\/\/equipetoi.ca\/en\/contact-us\/#breadcrumb"},"inLanguage":"en-US","potentialAction":[{"@type":"ReadAction","target":["https:\/\/equipetoi.ca\/en\/contact-us\/"]}]},{"@type":"BreadcrumbList","@id":"https:\/\/equipetoi.ca\/en\/contact-us\/#breadcrumb","itemListElement":[{"@type":"ListItem","position":1,"name":"Accueil","item":"https:\/\/equipetoi.ca\/en\/home\/"},{"@type":"ListItem","position":2,"name":"Contact us"}]},{"@type":"WebSite","@id":"https:\/\/equipetoi.ca\/en\/#website","url":"https:\/\/equipetoi.ca\/en\/","name":"\u00c9quipetoi.ca","description":"VOTRE SP\u00c9CIALISTE EN \u00c9QUIPEMENTS FORESTIERS, INDUSTRIELS ET AGRICOLES","publisher":{"@id":"https:\/\/equipetoi.ca\/en\/#organization"},"potentialAction":[{"@type":"SearchAction","target":{"@type":"EntryPoint","urlTemplate":"https:\/\/equipetoi.ca\/en\/?s={search_term_string}"},"query-input":{"@type":"PropertyValueSpecification","valueRequired":true,"valueName":"search_term_string"}}],"inLanguage":"en-US"},{"@type":"Organization","@id":"https:\/\/equipetoi.ca\/en\/#organization","name":"\u00c9quipetoi.ca","url":"https:\/\/equipetoi.ca\/en\/","logo":{"@type":"ImageObject","inLanguage":"en-US","@id":"https:\/\/equipetoi.ca\/en\/#\/schema\/logo\/image\/","url":"https:\/\/equipetoi.ca\/wp-content\/uploads\/2025\/12\/favicon-equipetoi.png","contentUrl":"https:\/\/equipetoi.ca\/wp-content\/uploads\/2025\/12\/favicon-equipetoi.png","width":837,"height":837,"caption":"\u00c9quipetoi.ca"},"image":{"@id":"https:\/\/equipetoi.ca\/en\/#\/schema\/logo\/image\/"}}]}},"_links":{"self":[{"href":"https:\/\/equipetoi.ca\/en\/wp-json\/wp\/v2\/pages\/2343","targetHints":{"allow":["GET"]}}],"collection":[{"href":"https:\/\/equipetoi.ca\/en\/wp-json\/wp\/v2\/pages"}],"about":[{"href":"https:\/\/equipetoi.ca\/en\/wp-json\/wp\/v2\/types\/page"}],"author":[{"embeddable":true,"href":"https:\/\/equipetoi.ca\/en\/wp-json\/wp\/v2\/users\/1"}],"replies":[{"embeddable":true,"href":"https:\/\/equipetoi.ca\/en\/wp-json\/wp\/v2\/comments?post=2343"}],"version-history":[{"count":1,"href":"https:\/\/equipetoi.ca\/en\/wp-json\/wp\/v2\/pages\/2343\/revisions"}],"predecessor-version":[{"id":2349,"href":"https:\/\/equipetoi.ca\/en\/wp-json\/wp\/v2\/pages\/2343\/revisions\/2349"}],"wp:attachment":[{"href":"https:\/\/equipetoi.ca\/en\/wp-json\/wp\/v2\/media?parent=2343"}],"curies":[{"name":"wp","href":"https:\/\/api.w.org\/{rel}","templated":true}]}}