{"id":2368,"date":"2026-01-20T20:53:24","date_gmt":"2026-01-20T20:53:24","guid":{"rendered":"https:\/\/equipetoi.ca\/blog\/"},"modified":"2026-04-22T19:32:20","modified_gmt":"2026-04-22T19:32:20","slug":"blog","status":"publish","type":"page","link":"https:\/\/equipetoi.ca\/en\/blog\/","title":{"rendered":"Blog"},"content":{"rendered":"\t\t<div data-elementor-type=\"wp-page\" data-elementor-id=\"2368\" class=\"elementor elementor-2368 elementor-970\" data-elementor-post-type=\"page\">\n\t\t\t\t<div class=\"elementor-element elementor-element-aa0f04a e-con-full e-flex e-con e-parent\" data-id=\"aa0f04a\" data-element_type=\"container\" data-e-type=\"container\">\n\t\t<div class=\"elementor-element elementor-element-37791ac e-con-full e-flex e-con e-child\" data-id=\"37791ac\" data-element_type=\"container\" data-e-type=\"container\" data-settings=\"{&quot;background_background&quot;:&quot;classic&quot;}\">\n\t\t<div class=\"elementor-element elementor-element-bec1b21 e-con-full e-flex e-con e-child\" data-id=\"bec1b21\" data-element_type=\"container\" data-e-type=\"container\" data-settings=\"{&quot;background_background&quot;:&quot;classic&quot;}\">\n\t\t\t\t<div class=\"elementor-element elementor-element-b6404ea elementor-widget elementor-widget-text-editor\" data-id=\"b6404ea\" data-element_type=\"widget\" data-e-type=\"widget\" data-widget_type=\"text-editor.default\">\n\t\t\t\t\t\t\t\t\t<h1>Blog<\/h1><p>News, tips, and expertise: everything you need to stay informed.<\/p>\t\t\t\t\t\t\t\t<\/div>\n\t\t\t\t<\/div>\n\t\t\t\t<\/div>\n\t\t\t\t<\/div>\n\t\t<div class=\"elementor-element elementor-element-0eb784a e-flex e-con-boxed e-con e-parent\" data-id=\"0eb784a\" data-element_type=\"container\" data-e-type=\"container\">\n\t\t\t\t\t<div class=\"e-con-inner\">\n\t\t\t\t<div class=\"elementor-element elementor-element-9ae8672 elementor-widget elementor-widget-jet-listing-grid\" data-id=\"9ae8672\" data-element_type=\"widget\" data-e-type=\"widget\" data-settings=\"{&quot;columns&quot;:&quot;1&quot;}\" data-widget_type=\"jet-listing-grid.default\">\n\t\t\t\t\t<div class=\"jet-listing-grid jet-listing\"><div class=\"jet-listing-not-found jet-listing-grid__items\" data-nav=\"{&quot;enabled&quot;:true,&quot;type&quot;:&quot;scroll&quot;,&quot;more_el&quot;:null,&quot;query&quot;:{&quot;post_status&quot;:[&quot;publish&quot;],&quot;post_type&quot;:&quot;articles-de-blogue&quot;,&quot;posts_per_page&quot;:&quot;6&quot;,&quot;paged&quot;:&quot;1&quot;,&quot;ignore_sticky_posts&quot;:&quot;1&quot;,&quot;suppress_filters&quot;:false,&quot;jet_smart_filters&quot;:&quot;jet-engine\\\/default&quot;,&quot;signature&quot;:&quot;a655e1be2c1f63450e53c55c6381a95393b843c445677a96f04c9308723444d6&quot;},&quot;widget_settings&quot;:{&quot;lisitng_id&quot;:965,&quot;posts_num&quot;:6,&quot;columns&quot;:1,&quot;columns_tablet&quot;:1,&quot;columns_mobile&quot;:1,&quot;column_min_width&quot;:240,&quot;column_min_width_tablet&quot;:240,&quot;column_min_width_mobile&quot;:240,&quot;inline_columns_css&quot;:false,&quot;is_archive_template&quot;:&quot;&quot;,&quot;post_status&quot;:[&quot;publish&quot;],&quot;use_random_posts_num&quot;:&quot;&quot;,&quot;max_posts_num&quot;:9,&quot;not_found_message&quot;:&quot;No articles&quot;,&quot;is_masonry&quot;:false,&quot;equal_columns_height&quot;:&quot;&quot;,&quot;use_load_more&quot;:&quot;yes&quot;,&quot;load_more_id&quot;:&quot;&quot;,&quot;load_more_type&quot;:&quot;scroll&quot;,&quot;load_more_offset&quot;:{&quot;unit&quot;:&quot;px&quot;,&quot;size&quot;:0,&quot;sizes&quot;:[]},&quot;use_custom_post_types&quot;:&quot;&quot;,&quot;custom_post_types&quot;:[],&quot;hide_widget_if&quot;:&quot;&quot;,&quot;carousel_enabled&quot;:&quot;&quot;,&quot;slides_to_scroll&quot;:&quot;1&quot;,&quot;arrows&quot;:&quot;true&quot;,&quot;arrow_icon&quot;:&quot;fa fa-angle-left&quot;,&quot;dots&quot;:&quot;&quot;,&quot;autoplay&quot;:&quot;true&quot;,&quot;pause_on_hover&quot;:&quot;true&quot;,&quot;autoplay_speed&quot;:5000,&quot;infinite&quot;:&quot;true&quot;,&quot;center_mode&quot;:&quot;&quot;,&quot;effect&quot;:&quot;slide&quot;,&quot;speed&quot;:500,&quot;inject_alternative_items&quot;:&quot;&quot;,&quot;injection_items&quot;:[],&quot;scroll_slider_enabled&quot;:&quot;&quot;,&quot;scroll_slider_on&quot;:[&quot;desktop&quot;,&quot;tablet&quot;,&quot;mobile&quot;],&quot;custom_query&quot;:false,&quot;custom_query_id&quot;:&quot;&quot;,&quot;_element_id&quot;:&quot;&quot;,&quot;collapse_first_last_gap&quot;:false,&quot;list_tag_selection&quot;:&quot;&quot;,&quot;list_items_wrapper_tag&quot;:&quot;div&quot;,&quot;list_item_tag&quot;:&quot;div&quot;,&quot;empty_items_wrapper_tag&quot;:&quot;div&quot;}}\" data-listing-source=\"posts\" data-listing-id=\"965\" data-query-id=\"\" data-queried-id=\"2368|WP_Post\">No articles<\/div><\/div>\t\t\t\t<\/div>\n\t\t\t\t\t<\/div>\n\t\t\t\t<\/div>\n\t\t\t\t<\/div>\n\t\t","protected":false},"excerpt":{"rendered":"<p>Blog News, tips, and expertise: everything you need to stay informed. 11 juillet, 2024 Lire la suite 30 janvier, 2024 Lire la suite 19 ao\u00fbt, 2024 Lire la suite 10 septembre, 2025 Lire la suite<\/p>\n","protected":false},"author":1,"featured_media":0,"parent":0,"menu_order":0,"comment_status":"closed","ping_status":"closed","template":"","meta":{"footnotes":""},"class_list":["post-2368","page","type-page","status-publish","hentry"],"yoast_head":"<!-- This site is optimized with the Yoast SEO plugin v27.4 - https:\/\/yoast.com\/product\/yoast-seo-wordpress\/ -->\n<title>Blog - \u00c9quipetoi.ca<\/title>\n<meta name=\"robots\" content=\"index, follow, max-snippet:-1, max-image-preview:large, max-video-preview:-1\" \/>\n<link rel=\"canonical\" href=\"https:\/\/equipetoi.ca\/en\/blog\/\" \/>\n<meta property=\"og:locale\" content=\"en_US\" \/>\n<meta property=\"og:type\" content=\"article\" \/>\n<meta property=\"og:title\" content=\"Blog - \u00c9quipetoi.ca\" \/>\n<meta property=\"og:description\" content=\"Blog News, tips, and expertise: everything you need to stay informed. 11 juillet, 2024 Lire la suite 30 janvier, 2024 Lire la suite 19 ao\u00fbt, 2024 Lire la suite 10 septembre, 2025 Lire la suite\" \/>\n<meta property=\"og:url\" content=\"https:\/\/equipetoi.ca\/en\/blog\/\" \/>\n<meta property=\"og:site_name\" content=\"\u00c9quipetoi.ca\" \/>\n<meta property=\"article:modified_time\" content=\"2026-04-22T19:32:20+00:00\" \/>\n<meta property=\"og:image\" content=\"https:\/\/equipetoi.ca\/wp-content\/uploads\/2026\/03\/Groupe-1189.jpg\" \/>\n\t<meta property=\"og:image:width\" content=\"1670\" \/>\n\t<meta property=\"og:image:height\" content=\"830\" \/>\n\t<meta property=\"og:image:type\" content=\"image\/jpeg\" \/>\n<meta name=\"twitter:card\" content=\"summary_large_image\" \/>\n<script type=\"application\/ld+json\" class=\"yoast-schema-graph\">{\"@context\":\"https:\\\/\\\/schema.org\",\"@graph\":[{\"@type\":\"WebPage\",\"@id\":\"https:\\\/\\\/equipetoi.ca\\\/en\\\/blog\\\/\",\"url\":\"https:\\\/\\\/equipetoi.ca\\\/en\\\/blog\\\/\",\"name\":\"Blog - \u00c9quipetoi.ca\",\"isPartOf\":{\"@id\":\"https:\\\/\\\/equipetoi.ca\\\/en\\\/#website\"},\"datePublished\":\"2026-01-20T20:53:24+00:00\",\"dateModified\":\"2026-04-22T19:32:20+00:00\",\"breadcrumb\":{\"@id\":\"https:\\\/\\\/equipetoi.ca\\\/en\\\/blog\\\/#breadcrumb\"},\"inLanguage\":\"en-US\",\"potentialAction\":[{\"@type\":\"ReadAction\",\"target\":[\"https:\\\/\\\/equipetoi.ca\\\/en\\\/blog\\\/\"]}]},{\"@type\":\"BreadcrumbList\",\"@id\":\"https:\\\/\\\/equipetoi.ca\\\/en\\\/blog\\\/#breadcrumb\",\"itemListElement\":[{\"@type\":\"ListItem\",\"position\":1,\"name\":\"Accueil\",\"item\":\"https:\\\/\\\/equipetoi.ca\\\/en\\\/home\\\/\"},{\"@type\":\"ListItem\",\"position\":2,\"name\":\"Blog\"}]},{\"@type\":\"WebSite\",\"@id\":\"https:\\\/\\\/equipetoi.ca\\\/en\\\/#website\",\"url\":\"https:\\\/\\\/equipetoi.ca\\\/en\\\/\",\"name\":\"\u00c9quipetoi.ca\",\"description\":\"VOTRE SP\u00c9CIALISTE EN \u00c9QUIPEMENTS FORESTIERS, INDUSTRIELS ET AGRICOLES\",\"publisher\":{\"@id\":\"https:\\\/\\\/equipetoi.ca\\\/en\\\/#organization\"},\"potentialAction\":[{\"@type\":\"SearchAction\",\"target\":{\"@type\":\"EntryPoint\",\"urlTemplate\":\"https:\\\/\\\/equipetoi.ca\\\/en\\\/?s={search_term_string}\"},\"query-input\":{\"@type\":\"PropertyValueSpecification\",\"valueRequired\":true,\"valueName\":\"search_term_string\"}}],\"inLanguage\":\"en-US\"},{\"@type\":\"Organization\",\"@id\":\"https:\\\/\\\/equipetoi.ca\\\/en\\\/#organization\",\"name\":\"\u00c9quipetoi.ca\",\"url\":\"https:\\\/\\\/equipetoi.ca\\\/en\\\/\",\"logo\":{\"@type\":\"ImageObject\",\"inLanguage\":\"en-US\",\"@id\":\"https:\\\/\\\/equipetoi.ca\\\/en\\\/#\\\/schema\\\/logo\\\/image\\\/\",\"url\":\"https:\\\/\\\/equipetoi.ca\\\/wp-content\\\/uploads\\\/2025\\\/12\\\/favicon-equipetoi.png\",\"contentUrl\":\"https:\\\/\\\/equipetoi.ca\\\/wp-content\\\/uploads\\\/2025\\\/12\\\/favicon-equipetoi.png\",\"width\":837,\"height\":837,\"caption\":\"\u00c9quipetoi.ca\"},\"image\":{\"@id\":\"https:\\\/\\\/equipetoi.ca\\\/en\\\/#\\\/schema\\\/logo\\\/image\\\/\"}}]}<\/script>\n<!-- \/ Yoast SEO plugin. -->","yoast_head_json":{"title":"Blog - \u00c9quipetoi.ca","robots":{"index":"index","follow":"follow","max-snippet":"max-snippet:-1","max-image-preview":"max-image-preview:large","max-video-preview":"max-video-preview:-1"},"canonical":"https:\/\/equipetoi.ca\/en\/blog\/","og_locale":"en_US","og_type":"article","og_title":"Blog - \u00c9quipetoi.ca","og_description":"Blog News, tips, and expertise: everything you need to stay informed. 11 juillet, 2024 Lire la suite 30 janvier, 2024 Lire la suite 19 ao\u00fbt, 2024 Lire la suite 10 septembre, 2025 Lire la suite","og_url":"https:\/\/equipetoi.ca\/en\/blog\/","og_site_name":"\u00c9quipetoi.ca","article_modified_time":"2026-04-22T19:32:20+00:00","og_image":[{"width":1670,"height":830,"url":"https:\/\/equipetoi.ca\/wp-content\/uploads\/2026\/03\/Groupe-1189.jpg","type":"image\/jpeg"}],"twitter_card":"summary_large_image","schema":{"@context":"https:\/\/schema.org","@graph":[{"@type":"WebPage","@id":"https:\/\/equipetoi.ca\/en\/blog\/","url":"https:\/\/equipetoi.ca\/en\/blog\/","name":"Blog - \u00c9quipetoi.ca","isPartOf":{"@id":"https:\/\/equipetoi.ca\/en\/#website"},"datePublished":"2026-01-20T20:53:24+00:00","dateModified":"2026-04-22T19:32:20+00:00","breadcrumb":{"@id":"https:\/\/equipetoi.ca\/en\/blog\/#breadcrumb"},"inLanguage":"en-US","potentialAction":[{"@type":"ReadAction","target":["https:\/\/equipetoi.ca\/en\/blog\/"]}]},{"@type":"BreadcrumbList","@id":"https:\/\/equipetoi.ca\/en\/blog\/#breadcrumb","itemListElement":[{"@type":"ListItem","position":1,"name":"Accueil","item":"https:\/\/equipetoi.ca\/en\/home\/"},{"@type":"ListItem","position":2,"name":"Blog"}]},{"@type":"WebSite","@id":"https:\/\/equipetoi.ca\/en\/#website","url":"https:\/\/equipetoi.ca\/en\/","name":"\u00c9quipetoi.ca","description":"VOTRE SP\u00c9CIALISTE EN \u00c9QUIPEMENTS FORESTIERS, INDUSTRIELS ET AGRICOLES","publisher":{"@id":"https:\/\/equipetoi.ca\/en\/#organization"},"potentialAction":[{"@type":"SearchAction","target":{"@type":"EntryPoint","urlTemplate":"https:\/\/equipetoi.ca\/en\/?s={search_term_string}"},"query-input":{"@type":"PropertyValueSpecification","valueRequired":true,"valueName":"search_term_string"}}],"inLanguage":"en-US"},{"@type":"Organization","@id":"https:\/\/equipetoi.ca\/en\/#organization","name":"\u00c9quipetoi.ca","url":"https:\/\/equipetoi.ca\/en\/","logo":{"@type":"ImageObject","inLanguage":"en-US","@id":"https:\/\/equipetoi.ca\/en\/#\/schema\/logo\/image\/","url":"https:\/\/equipetoi.ca\/wp-content\/uploads\/2025\/12\/favicon-equipetoi.png","contentUrl":"https:\/\/equipetoi.ca\/wp-content\/uploads\/2025\/12\/favicon-equipetoi.png","width":837,"height":837,"caption":"\u00c9quipetoi.ca"},"image":{"@id":"https:\/\/equipetoi.ca\/en\/#\/schema\/logo\/image\/"}}]}},"_links":{"self":[{"href":"https:\/\/equipetoi.ca\/en\/wp-json\/wp\/v2\/pages\/2368","targetHints":{"allow":["GET"]}}],"collection":[{"href":"https:\/\/equipetoi.ca\/en\/wp-json\/wp\/v2\/pages"}],"about":[{"href":"https:\/\/equipetoi.ca\/en\/wp-json\/wp\/v2\/types\/page"}],"author":[{"embeddable":true,"href":"https:\/\/equipetoi.ca\/en\/wp-json\/wp\/v2\/users\/1"}],"replies":[{"embeddable":true,"href":"https:\/\/equipetoi.ca\/en\/wp-json\/wp\/v2\/comments?post=2368"}],"version-history":[{"count":1,"href":"https:\/\/equipetoi.ca\/en\/wp-json\/wp\/v2\/pages\/2368\/revisions"}],"predecessor-version":[{"id":2369,"href":"https:\/\/equipetoi.ca\/en\/wp-json\/wp\/v2\/pages\/2368\/revisions\/2369"}],"wp:attachment":[{"href":"https:\/\/equipetoi.ca\/en\/wp-json\/wp\/v2\/media?parent=2368"}],"curies":[{"name":"wp","href":"https:\/\/api.w.org\/{rel}","templated":true}]}}